{"id":63,"date":"2025-12-16T13:24:42","date_gmt":"2025-12-16T13:24:42","guid":{"rendered":"http:\/\/www.panierduprimeur-bio.fr\/index.php\/home-2\/"},"modified":"2025-12-17T16:16:10","modified_gmt":"2025-12-17T16:16:10","slug":"home-2","status":"publish","type":"page","link":"https:\/\/www.panierduprimeur-bio.fr\/","title":{"rendered":"Home"},"content":{"rendered":"\t\t<div data-elementor-type=\"wp-page\" data-elementor-id=\"63\" class=\"elementor elementor-63\">\n\t\t\t\t<div class=\"elementor-element elementor-element-d5cfde3 e-flex e-con-boxed e-con e-parent\" data-id=\"d5cfde3\" data-element_type=\"container\" data-settings=\"{&quot;background_background&quot;:&quot;classic&quot;}\">\n\t\t\t\t\t<div class=\"e-con-inner\">\n\t\t\t\t<div class=\"elementor-element elementor-element-6e1ab44 elementor-widget elementor-widget-image\" data-id=\"6e1ab44\" data-element_type=\"widget\" data-widget_type=\"image.default\">\n\t\t\t\t\t\t\t\t\t\t\t\t\t\t\t<img fetchpriority=\"high\" decoding=\"async\" width=\"2558\" height=\"732\" src=\"http:\/\/www.panierduprimeur-bio.fr\/wp-content\/uploads\/2025\/12\/cropped-BANNIERE_1366x400-scaled-2.png\" class=\"attachment-full size-full wp-image-27\" alt=\"\" srcset=\"http:\/\/www.panierduprimeur-bio.fr\/wp-content\/uploads\/2025\/12\/cropped-BANNIERE_1366x400-scaled-2.png 2558w, http:\/\/www.panierduprimeur-bio.fr\/wp-content\/uploads\/2025\/12\/cropped-BANNIERE_1366x400-scaled-2-300x86.png 300w, http:\/\/www.panierduprimeur-bio.fr\/wp-content\/uploads\/2025\/12\/cropped-BANNIERE_1366x400-scaled-2-1024x293.png 1024w, http:\/\/www.panierduprimeur-bio.fr\/wp-content\/uploads\/2025\/12\/cropped-BANNIERE_1366x400-scaled-2-768x220.png 768w, http:\/\/www.panierduprimeur-bio.fr\/wp-content\/uploads\/2025\/12\/cropped-BANNIERE_1366x400-scaled-2-1536x440.png 1536w, http:\/\/www.panierduprimeur-bio.fr\/wp-content\/uploads\/2025\/12\/cropped-BANNIERE_1366x400-scaled-2-2048x586.png 2048w\" sizes=\"(max-width: 2558px) 100vw, 2558px\" \/>\t\t\t\t\t\t\t\t\t\t\t\t\t\t\t<\/div>\n\t\t\t\t<div class=\"elementor-element elementor-element-32b3f1bc elementor-invisible elementor-widget elementor-widget-heading\" data-id=\"32b3f1bc\" data-element_type=\"widget\" data-settings=\"{&quot;_animation&quot;:&quot;fadeIn&quot;}\" data-widget_type=\"heading.default\">\n\t\t\t\t\t<h5 class=\"elementor-heading-title elementor-size-default\">D\u00e9couvrez nos trois paniers du Primeur, une solution simple\npour profiter de fruits et l\u00e9gumes Bio de qualit\u00e9 et de saison.<\/h5>\t\t\t\t<\/div>\n\t\t\t\t<div class=\"elementor-element elementor-element-563bb65 elementor-widget elementor-widget-heading\" data-id=\"563bb65\" data-element_type=\"widget\" data-widget_type=\"heading.default\">\n\t\t\t\t\t<h2 class=\"elementor-heading-title elementor-size-default\">Pas d\u2019engagement \/ Pas d\u2019abonnement\n<\/h2>\t\t\t\t<\/div>\n\t\t\t\t<div class=\"elementor-element elementor-element-ea96d6d elementor-widget elementor-widget-image\" data-id=\"ea96d6d\" data-element_type=\"widget\" data-widget_type=\"image.default\">\n\t\t\t\t\t\t\t\t\t\t\t\t\t\t\t<img decoding=\"async\" width=\"300\" height=\"200\" src=\"http:\/\/www.panierduprimeur-bio.fr\/wp-content\/uploads\/2025\/12\/ecocert-web-300x200-1.jpg\" class=\"attachment-medium_large size-medium_large wp-image-18\" alt=\"\" \/>\t\t\t\t\t\t\t\t\t\t\t\t\t\t\t<\/div>\n\t\t\t\t\t<\/div>\n\t\t\t\t<\/div>\n\t\t<div class=\"elementor-element elementor-element-76b52626 e-flex e-con-boxed e-con e-parent\" data-id=\"76b52626\" data-element_type=\"container\">\n\t\t\t\t\t<div class=\"e-con-inner\">\n\t\t\t\t<div class=\"elementor-element elementor-element-30e5297 elementor-widget elementor-widget-heading\" data-id=\"30e5297\" data-element_type=\"widget\" data-widget_type=\"heading.default\">\n\t\t\t\t\t<h5 class=\"elementor-heading-title elementor-size-default\">Des fruits et des l\u00e9gumes frais, livr\u00e9s chaque semaine chez vous ?<\/h5>\t\t\t\t<\/div>\n\t\t<div class=\"elementor-element elementor-element-71be12e e-con-full e-flex e-con e-child\" data-id=\"71be12e\" data-element_type=\"container\">\n\t\t<div class=\"elementor-element elementor-element-eec441a e-con-full e-flex e-con e-child\" data-id=\"eec441a\" data-element_type=\"container\">\n\t\t<div class=\"elementor-element elementor-element-b109e70 e-con-full e-flex e-con e-child\" data-id=\"b109e70\" data-element_type=\"container\">\n\t\t\t\t<div class=\"elementor-element elementor-element-766ce4c elementor-widget elementor-widget-spacer\" data-id=\"766ce4c\" data-element_type=\"widget\" data-widget_type=\"spacer.default\">\n\t\t\t\t\t\t\t<div class=\"elementor-spacer\">\n\t\t\t<div class=\"elementor-spacer-inner\"><\/div>\n\t\t<\/div>\n\t\t\t\t\t\t<\/div>\n\t\t\t\t<div class=\"elementor-element elementor-element-8c2ca65 elementor-widget elementor-widget-image-box\" data-id=\"8c2ca65\" data-element_type=\"widget\" data-widget_type=\"image-box.default\">\n\t\t\t\t\t<div class=\"elementor-image-box-wrapper\"><div class=\"elementor-image-box-content\"><h3 class=\"elementor-image-box-title\">Les paniers du moment<\/h3><p class=\"elementor-image-box-description\">Une s\u00e9lection de fruits et l\u00e9gumes de saison, s\u00e9lectionn\u00e9s chaque semaine.\n<br><\/p><\/div><\/div>\t\t\t\t<\/div>\n\t\t\t\t<\/div>\n\t\t\t\t<\/div>\n\t\t\t\t<\/div>\n\t\t<div class=\"elementor-element elementor-element-b2d7dbe e-con-full e-flex e-con e-child\" data-id=\"b2d7dbe\" data-element_type=\"container\">\n\t\t\t\t<div class=\"elementor-element elementor-element-43ed2439 elementor-widget-tablet__width-initial elementor-widget-mobile__width-inherit elementor-position-top elementor-widget elementor-widget-image-box\" data-id=\"43ed2439\" data-element_type=\"widget\" data-widget_type=\"image-box.default\">\n\t\t\t\t\t<div class=\"elementor-image-box-wrapper\"><figure class=\"elementor-image-box-img\"><img decoding=\"async\" width=\"768\" height=\"449\" src=\"http:\/\/www.panierduprimeur-bio.fr\/wp-content\/uploads\/2025\/12\/panier1-768x449.jpg\" class=\"elementor-animation-grow attachment-medium_large size-medium_large wp-image-96\" alt=\"\" srcset=\"https:\/\/www.panierduprimeur-bio.fr\/wp-content\/uploads\/2025\/12\/panier1-768x449.jpg 768w, https:\/\/www.panierduprimeur-bio.fr\/wp-content\/uploads\/2025\/12\/panier1-300x175.jpg 300w, https:\/\/www.panierduprimeur-bio.fr\/wp-content\/uploads\/2025\/12\/panier1.jpg 1024w\" sizes=\"(max-width: 768px) 100vw, 768px\" \/><\/figure><div class=\"elementor-image-box-content\"><h4 class=\"elementor-image-box-title\">Panier 4 \u00e0 5 kg environ<\/h4><p class=\"elementor-image-box-description\">800 gr pommes de terre Allians Bio France<br>\n1 concombre Bio France<br>\n500 gr courgettes Bio France<br>\n500 gr Carottes des Sables<br>\n1 salade<br>\n500 gr de Raisin blanc<br>\n500 gr Prunes Reine-Claude<br>\nMelon<br>\n<b>25.00 \u20ac \n<\/b>\n<\/p><\/div><\/div>\t\t\t\t<\/div>\n\t\t\t\t<div class=\"elementor-element elementor-element-3afe9b04 elementor-widget-tablet__width-initial elementor-widget-mobile__width-inherit elementor-position-top elementor-widget elementor-widget-image-box\" data-id=\"3afe9b04\" data-element_type=\"widget\" data-widget_type=\"image-box.default\">\n\t\t\t\t\t<div class=\"elementor-image-box-wrapper\"><figure class=\"elementor-image-box-img\"><img loading=\"lazy\" decoding=\"async\" width=\"768\" height=\"449\" src=\"http:\/\/www.panierduprimeur-bio.fr\/wp-content\/uploads\/2025\/12\/panier2-768x449.jpg\" class=\"elementor-animation-grow attachment-medium_large size-medium_large wp-image-97\" alt=\"\" srcset=\"https:\/\/www.panierduprimeur-bio.fr\/wp-content\/uploads\/2025\/12\/panier2-768x449.jpg 768w, https:\/\/www.panierduprimeur-bio.fr\/wp-content\/uploads\/2025\/12\/panier2-300x175.jpg 300w, https:\/\/www.panierduprimeur-bio.fr\/wp-content\/uploads\/2025\/12\/panier2.jpg 1024w\" sizes=\"(max-width: 768px) 100vw, 768px\" \/><\/figure><div class=\"elementor-image-box-content\"><h4 class=\"elementor-image-box-title\">Panier 5 \u00e0 6 kg environ<\/h4><p class=\"elementor-image-box-description\">700 gr pommes terre \nAllians bio France<br>\n1 concombre Bio France<br>\n700 gr Tomates gappe Bio France<br>\n500 gr courgettes Bio France<br>\n1 salade Bio France<br>\n1 Melon<br>\n500 gr de Raisin Blanc<br>\n500 gr Prunes Reine-Claude<br>\n1 concombre <br><b>35.00 \u20ac <\/p><\/div><\/div>\t\t\t\t<\/div>\n\t\t\t\t<div class=\"elementor-element elementor-element-580d492f elementor-widget-tablet__width-initial elementor-widget-mobile__width-inherit elementor-position-top elementor-widget elementor-widget-image-box\" data-id=\"580d492f\" data-element_type=\"widget\" data-widget_type=\"image-box.default\">\n\t\t\t\t\t<div class=\"elementor-image-box-wrapper\"><figure class=\"elementor-image-box-img\"><img loading=\"lazy\" decoding=\"async\" width=\"768\" height=\"449\" src=\"http:\/\/www.panierduprimeur-bio.fr\/wp-content\/uploads\/2025\/12\/panier3-768x449.jpg\" class=\"elementor-animation-grow attachment-medium_large size-medium_large wp-image-98\" alt=\"\" srcset=\"https:\/\/www.panierduprimeur-bio.fr\/wp-content\/uploads\/2025\/12\/panier3-768x449.jpg 768w, https:\/\/www.panierduprimeur-bio.fr\/wp-content\/uploads\/2025\/12\/panier3-300x175.jpg 300w, https:\/\/www.panierduprimeur-bio.fr\/wp-content\/uploads\/2025\/12\/panier3.jpg 1024w\" sizes=\"(max-width: 768px) 100vw, 768px\" \/><\/figure><div class=\"elementor-image-box-content\"><h4 class=\"elementor-image-box-title\">Panier 8 \u00e0 9 kg environ<\/h4><p class=\"elementor-image-box-description\">1 kg pommes terre Allians Bio France<br>\n1 kg tomates grappe<br>\n1 kg courgettes Bio France<br>\n500 gr aubergines France Bio<br>\n1 concombre Bio France<br>\n300 gr tomates cerises Bio France<br>\n1 salade Bio France<br>\n500 gr pommes Bio France<br>\n500 gr bananes Bio R\u00e9publique dominicaine<br>\n1 melon Bio France <br>\n500 gr de Raison Blanc<br>\n500 gr de prunes Reine-Claude<br>\n<b>45.00 \u20ac\n<\/p><\/div><\/div>\t\t\t\t<\/div>\n\t\t\t\t<\/div>\n\t\t\t\t\t<\/div>\n\t\t\t\t<\/div>\n\t\t<div class=\"elementor-element elementor-element-4c3cac6b e-flex e-con-boxed e-con e-parent\" data-id=\"4c3cac6b\" data-element_type=\"container\" data-settings=\"{&quot;background_background&quot;:&quot;classic&quot;}\">\n\t\t\t\t\t<div class=\"e-con-inner\">\n\t\t<div class=\"elementor-element elementor-element-38737bf9 e-con-full e-flex e-con e-child\" data-id=\"38737bf9\" data-element_type=\"container\">\n\t\t\t\t<div class=\"elementor-element elementor-element-4fa4a666 elementor-widget elementor-widget-heading\" data-id=\"4fa4a666\" data-element_type=\"widget\" data-widget_type=\"heading.default\">\n\t\t\t\t\t<h2 class=\"elementor-heading-title elementor-size-default\">Comment \u00e7a marche ?<\/h2>\t\t\t\t<\/div>\n\t\t\t\t<div class=\"elementor-element elementor-element-3e691c69 elementor-widget elementor-widget-text-editor\" data-id=\"3e691c69\" data-element_type=\"widget\" data-widget_type=\"text-editor.default\">\n\t\t\t\t\t\t\t\t\t<div class=\"elementor-element elementor-element-665393d elementor-widget elementor-widget-heading\" data-id=\"665393d\" data-element_type=\"widget\" data-widget_type=\"heading.default\"><div class=\"elementor-widget-container\"><div>Livraisons exclusivement dans un\u00a0<strong>p\u00e9rim\u00e8tre de 20 km<\/strong>\u00a0autour de Cr\u00e9teil, du lundi au samedi, entre 15h et 19h.<br \/><b>Commandez la veille, vous \u00eates livr\u00e9s le lendemain !<\/b><\/div><div><b>\u00a0<\/b><\/div><div>Chaque semaine, nous vous proposons trois formats de paniers, compos\u00e9s du\u00a0<strong>meilleur de nos arrivages<\/strong>, livr\u00e9s directement\u00a0<strong>chez vous<\/strong>.<\/div><div>\u00a0<\/div><div>Vous nous appelez au\u00a0<b>06 85 56 11 87<\/b>, vous\u00a0<b>choisissez le format de panier<\/b>\u00a0qui vous convient, validez\u00a0<b>votre rendez-vous\u00a0<\/b>et voil\u00e0, c\u2019est fait !<\/div><div>\u00a0<\/div><div>P<i>as de r\u00e8glement en ligne, vous payez lors de la livraison, par CB ou esp\u00e8ces.<\/i><\/div><\/div><\/div>\t\t\t\t\t\t\t\t<\/div>\n\t\t\t\t<\/div>\n\t\t<div class=\"elementor-element elementor-element-34530233 e-con-full e-flex e-con e-child\" data-id=\"34530233\" data-element_type=\"container\" data-settings=\"{&quot;background_background&quot;:&quot;classic&quot;}\">\n\t\t\t\t<\/div>\n\t\t\t\t\t<\/div>\n\t\t\t\t<\/div>\n\t\t<div class=\"elementor-element elementor-element-9c3e534 e-flex e-con-boxed e-con e-parent\" data-id=\"9c3e534\" data-element_type=\"container\">\n\t\t\t\t\t<div class=\"e-con-inner\">\n\t\t<div class=\"elementor-element elementor-element-ac83d18 e-con-full e-flex e-con e-child\" data-id=\"ac83d18\" data-element_type=\"container\">\n\t\t\t\t<div class=\"elementor-element elementor-element-572caa1 elementor-widget elementor-widget-heading\" data-id=\"572caa1\" data-element_type=\"widget\" data-widget_type=\"heading.default\">\n\t\t\t\t\t<h2 class=\"elementor-heading-title elementor-size-default\">Nous d\u00e9couvrir<\/h2>\t\t\t\t<\/div>\n\t\t\t\t<div class=\"elementor-element elementor-element-752ea71 elementor-widget elementor-widget-text-editor\" data-id=\"752ea71\" data-element_type=\"widget\" data-widget_type=\"text-editor.default\">\n\t\t\t\t\t\t\t\t\t<div class=\"elementor-element elementor-element-665393d elementor-widget elementor-widget-heading\" data-id=\"665393d\" data-element_type=\"widget\" data-widget_type=\"heading.default\"><div class=\"elementor-widget-container\">\u00a0<\/div><\/div><div class=\"elementor-element elementor-element-16ccf26 elementor-widget elementor-widget-text-editor\" data-id=\"16ccf26\" data-element_type=\"widget\" data-widget_type=\"text-editor.default\"><div class=\"elementor-widget-container\"><h5>Primeur expert et exigeant<\/h5><p>Nous sommes pr\u00e9sents sur les march\u00e9s d\u2019\u00cele-de-France depuis plus <strong>20 ans<\/strong> et nos clients fid\u00e8les appr\u00e9cient<strong> la qualit\u00e9<\/strong> et <strong>la fra\u00eecheur<\/strong> de nos fruits et l\u00e9gumes.<\/p><p>Aujourd\u2019hui, nous \u00e9tendons notre service avec la livraison \u00e0 domicile, pour que vous puissiez continuer \u00e0 savourer nos produits m\u00eame sans vous d\u00e9placer. Profitez de notre expertise et de notre engagement \u00e0 vous<strong>\u00a0offrir le meilleur<\/strong>, livr\u00e9 directement chez vous, chaque semaine.<\/p><\/div><\/div>\t\t\t\t\t\t\t\t<\/div>\n\t\t\t\t<\/div>\n\t\t<div class=\"elementor-element elementor-element-f759060 e-con-full e-flex e-con e-child\" data-id=\"f759060\" data-element_type=\"container\" data-settings=\"{&quot;background_background&quot;:&quot;classic&quot;}\">\n\t\t\t\t<\/div>\n\t\t\t\t\t<\/div>\n\t\t\t\t<\/div>\n\t\t\t\t<\/div>\n\t\t","protected":false},"excerpt":{"rendered":"<p>D\u00e9couvrez nos trois paniers du Primeur, une solution simple pour profiter de fruits et l\u00e9gumes Bio de qualit\u00e9 et de saison. Pas d\u2019engagement \/ Pas d\u2019abonnement Des fruits et des l\u00e9gumes frais, livr\u00e9s chaque semaine chez vous ? Les paniers du moment Une s\u00e9lection de fruits et l\u00e9gumes de saison, s\u00e9lectionn\u00e9s chaque semaine. Panier 4 [&hellip;]<\/p>\n","protected":false},"author":1,"featured_media":68,"parent":0,"menu_order":0,"comment_status":"closed","ping_status":"closed","template":"elementor_header_footer","meta":{"footnotes":""},"class_list":["post-63","page","type-page","status-publish","has-post-thumbnail","hentry"],"_links":{"self":[{"href":"https:\/\/www.panierduprimeur-bio.fr\/index.php\/wp-json\/wp\/v2\/pages\/63","targetHints":{"allow":["GET"]}}],"collection":[{"href":"https:\/\/www.panierduprimeur-bio.fr\/index.php\/wp-json\/wp\/v2\/pages"}],"about":[{"href":"https:\/\/www.panierduprimeur-bio.fr\/index.php\/wp-json\/wp\/v2\/types\/page"}],"author":[{"embeddable":true,"href":"https:\/\/www.panierduprimeur-bio.fr\/index.php\/wp-json\/wp\/v2\/users\/1"}],"replies":[{"embeddable":true,"href":"https:\/\/www.panierduprimeur-bio.fr\/index.php\/wp-json\/wp\/v2\/comments?post=63"}],"version-history":[{"count":94,"href":"https:\/\/www.panierduprimeur-bio.fr\/index.php\/wp-json\/wp\/v2\/pages\/63\/revisions"}],"predecessor-version":[{"id":192,"href":"https:\/\/www.panierduprimeur-bio.fr\/index.php\/wp-json\/wp\/v2\/pages\/63\/revisions\/192"}],"wp:featuredmedia":[{"embeddable":true,"href":"https:\/\/www.panierduprimeur-bio.fr\/index.php\/wp-json\/wp\/v2\/media\/68"}],"wp:attachment":[{"href":"https:\/\/www.panierduprimeur-bio.fr\/index.php\/wp-json\/wp\/v2\/media?parent=63"}],"curies":[{"name":"wp","href":"https:\/\/api.w.org\/{rel}","templated":true}]}}